{"id":413,"date":"2025-01-30T18:18:37","date_gmt":"2025-01-30T17:18:37","guid":{"rendered":"https:\/\/iris-naturopathe.fr\/?page_id=413"},"modified":"2025-02-02T19:06:37","modified_gmt":"2025-02-02T18:06:37","slug":"atelier-bassage-bebe","status":"publish","type":"page","link":"https:\/\/iris-naturopathe.fr\/index.php\/atelier-bassage-bebe\/","title":{"rendered":"Atelier massage b\u00e9b\u00e9"},"content":{"rendered":"\n<div class=\"wp-block-columns is-layout-flex wp-container-core-columns-is-layout-9d6595d7 wp-block-columns-is-layout-flex\">\n<div class=\"wp-block-column is-layout-flow wp-block-column-is-layout-flow\" style=\"flex-basis:33.34%\">\n<figure class=\"wp-block-pullquote has-text-color has-link-color wp-elements-919ee22b043e4df157110961335a4bbf\" style=\"color:#3c5d4d;font-size:15px\"><blockquote><p><strong>Initiation au Massage B\u00e9b\u00e9<\/strong><br>Dur\u00e9e 1H30 &#8211; 75\u20ac<\/p><\/blockquote><\/figure>\n<\/div>\n\n\n\n<div class=\"wp-block-column is-layout-flow wp-block-column-is-layout-flow\" style=\"flex-basis:33.33%\">\n<figure class=\"wp-block-pullquote has-text-color has-link-color wp-elements-9e2bbe558fbd4db5a036c2f916af3a36\" style=\"color:#3c5d4d;font-size:15px\"><blockquote><p><strong>Rituel Maman &amp; B\u00e9b\u00e9<\/strong><br>Dur\u00e9e 5H30 &#8211; 285\u20ac<br>Le rituel maman &amp; b\u00e9b\u00e9 comprend un <a href=\"https:\/\/iris-naturopathe.fr\/index.php\/massage-pre-natal\/\" data-type=\"page\" data-id=\"40\">massage pr\u00e9natal<\/a> &#8211; 1H, un <a href=\"https:\/\/iris-naturopathe.fr\/index.php\/massage-postpartum\/\" data-type=\"page\" data-id=\"257\">soin postpartum<\/a> &#8211; 2H30, et un atelier d&rsquo;initiation au massage b\u00e9b\u00e9.<br>Chaque s\u00e9ance [s\u00e9par\u00e9es] comprend un temps d&rsquo;\u00e9change avant et apr\u00e8s le massage afin de vous offrir le meilleur soin en fonction de vos besoins.<\/p><\/blockquote><\/figure>\n<\/div>\n<\/div>\n\n\n\n<p><\/p>\n","protected":false},"excerpt":{"rendered":"<p>Initiation au Massage B\u00e9b\u00e9Dur\u00e9e 1H30 &#8211; 75\u20ac Rituel Maman &amp; B\u00e9b\u00e9Dur\u00e9e 5H30 &#8211; 285\u20acLe rituel maman &amp; b\u00e9b\u00e9 comprend un massage pr\u00e9natal &#8211; 1H, un soin postpartum &#8211; 2H30, et un atelier d&rsquo;initiation au massage b\u00e9b\u00e9.Chaque s\u00e9ance [s\u00e9par\u00e9es] comprend un temps d&rsquo;\u00e9change avant et apr\u00e8s le massage afin de vous offrir le meilleur soin en fonction de vos besoins.<\/p>\n","protected":false},"author":1,"featured_media":0,"parent":0,"menu_order":0,"comment_status":"closed","ping_status":"closed","template":"","meta":{"footnotes":""},"class_list":["post-413","page","type-page","status-publish","hentry"],"_links":{"self":[{"href":"https:\/\/iris-naturopathe.fr\/index.php\/wp-json\/wp\/v2\/pages\/413","targetHints":{"allow":["GET"]}}],"collection":[{"href":"https:\/\/iris-naturopathe.fr\/index.php\/wp-json\/wp\/v2\/pages"}],"about":[{"href":"https:\/\/iris-naturopathe.fr\/index.php\/wp-json\/wp\/v2\/types\/page"}],"author":[{"embeddable":true,"href":"https:\/\/iris-naturopathe.fr\/index.php\/wp-json\/wp\/v2\/users\/1"}],"replies":[{"embeddable":true,"href":"https:\/\/iris-naturopathe.fr\/index.php\/wp-json\/wp\/v2\/comments?post=413"}],"version-history":[{"count":5,"href":"https:\/\/iris-naturopathe.fr\/index.php\/wp-json\/wp\/v2\/pages\/413\/revisions"}],"predecessor-version":[{"id":450,"href":"https:\/\/iris-naturopathe.fr\/index.php\/wp-json\/wp\/v2\/pages\/413\/revisions\/450"}],"wp:attachment":[{"href":"https:\/\/iris-naturopathe.fr\/index.php\/wp-json\/wp\/v2\/media?parent=413"}],"curies":[{"name":"wp","href":"https:\/\/api.w.org\/{rel}","templated":true}]}}