{"id":39,"date":"2023-09-28T14:25:02","date_gmt":"2023-09-28T12:25:02","guid":{"rendered":"http:\/\/iris-naturopathe.fr\/?page_id=39"},"modified":"2025-04-15T15:14:59","modified_gmt":"2025-04-15T13:14:59","slug":"reflexologie","status":"publish","type":"page","link":"https:\/\/iris-naturopathe.fr\/index.php\/reflexologie\/","title":{"rendered":"R\u00e9flexologie"},"content":{"rendered":"\n<p class=\"has-text-color has-link-color wp-elements-8b37d6d81cac55cc30cf8d9058f05d0b\" style=\"color:#3c5d4d;font-size:15px;font-style:normal;font-weight:300\">Discipline mill\u00e9naire pratiqu\u00e9e dans la Chine ancienne qui, gr\u00e2ce \u00e0 la r\u00e9alisation de massage consiste \u00e0 <strong>stimuler des points r\u00e9flexes situ\u00e9s<\/strong> au niveau des pieds et des mains. Cette m\u00e9thode d\u2019acupression utilise le processus d\u2019autogu\u00e9rison naturel du corps afin de soulager les maux du corps par le pied et par la main. La r\u00e9flexologie aspire \u00e0 favoriser l\u2019<strong>\u00e9quilibre<\/strong> et la <strong>sant\u00e9 globale de l&rsquo;organisme<\/strong>, tout en apportant un <strong>bien-\u00eatre g\u00e9n\u00e9ral<\/strong>.<\/p>\n\n\n\n<div style=\"height:38px\" aria-hidden=\"true\" class=\"wp-block-spacer\"><\/div>\n\n\n\n<p class=\"has-text-color has-link-color wp-elements-8e1af7e7389984a1afc95c1f8f709e6f\" style=\"color:#3c5d4d;font-size:15px;font-style:normal;font-weight:300\"><strong><em>Bienfaits de la r\u00e9flexologie plantaire et palmaire :<\/em><\/strong><br>&#8211; Dynamise l\u2019organisme<br>&#8211; Harmonise les fonctions vitales<br>&#8211; Lib\u00e8re le stress et les tensions nerveuses<br>&#8211; Soulage les tensions du dos<br>&#8211; Am\u00e9liore la circulation sanguine<br>&#8211; Apporte d\u00e9tente et relaxation profonde<br>&#8211; Active le syst\u00e8me lymphatique<br>&#8211; D\u00e9contracte les muscles<br>&#8211; D\u00e9tend le mental et aide \u00e0 \u00e9vacuer les \u00e9motions n\u00e9gatives<\/p>\n\n\n\n<div style=\"height:38px\" aria-hidden=\"true\" class=\"wp-block-spacer\"><\/div>\n\n\n\n<p class=\"has-text-color has-link-color wp-elements-59346b87b14929fdfa4872a7a7a0c009\" style=\"color:#3c5d4d\"><\/p>\n\n\n<div class=\"wp-block-image\">\n<figure class=\"aligncenter size-full is-resized\"><img loading=\"lazy\" decoding=\"async\" width=\"275\" height=\"183\" src=\"https:\/\/iris-naturopathe.fr\/wp-content\/uploads\/2024\/12\/Reflexologie-plantaire.jpg\" alt=\"\" class=\"wp-image-295\" style=\"width:256px;height:auto\"\/><\/figure>\n<\/div>","protected":false},"excerpt":{"rendered":"<p>Discipline mill\u00e9naire pratiqu\u00e9e dans la Chine ancienne qui, gr\u00e2ce \u00e0 la r\u00e9alisation de massage consiste \u00e0 stimuler des points r\u00e9flexes situ\u00e9s au niveau des pieds et des mains. Cette m\u00e9thode d\u2019acupression utilise le processus d\u2019autogu\u00e9rison naturel du corps afin de soulager les maux du corps par le pied et par la main. La r\u00e9flexologie aspire \u00e0 favoriser l\u2019\u00e9quilibre et la sant\u00e9 globale de l&rsquo;organisme, tout en apportant un bien-\u00eatre g\u00e9n\u00e9ral. Bienfaits de la r\u00e9flexologie plantaire et palmaire :&#8211; Dynamise l\u2019organisme&#8211; Harmonise les fonctions vitales&#8211; Lib\u00e8re le stress et les tensions nerveuses&#8211; Soulage les tensions du dos&#8211; Am\u00e9liore la circulation sanguine&#8211; Apporte d\u00e9tente et relaxation profonde&#8211; Active le syst\u00e8me lymphatique&#8211; D\u00e9contracte les muscles&#8211; D\u00e9tend le mental et aide \u00e0 \u00e9vacuer les \u00e9motions n\u00e9gatives<\/p>\n","protected":false},"author":2,"featured_media":0,"parent":0,"menu_order":0,"comment_status":"closed","ping_status":"closed","template":"","meta":{"footnotes":""},"class_list":["post-39","page","type-page","status-publish","hentry"],"_links":{"self":[{"href":"https:\/\/iris-naturopathe.fr\/index.php\/wp-json\/wp\/v2\/pages\/39","targetHints":{"allow":["GET"]}}],"collection":[{"href":"https:\/\/iris-naturopathe.fr\/index.php\/wp-json\/wp\/v2\/pages"}],"about":[{"href":"https:\/\/iris-naturopathe.fr\/index.php\/wp-json\/wp\/v2\/types\/page"}],"author":[{"embeddable":true,"href":"https:\/\/iris-naturopathe.fr\/index.php\/wp-json\/wp\/v2\/users\/2"}],"replies":[{"embeddable":true,"href":"https:\/\/iris-naturopathe.fr\/index.php\/wp-json\/wp\/v2\/comments?post=39"}],"version-history":[{"count":8,"href":"https:\/\/iris-naturopathe.fr\/index.php\/wp-json\/wp\/v2\/pages\/39\/revisions"}],"predecessor-version":[{"id":485,"href":"https:\/\/iris-naturopathe.fr\/index.php\/wp-json\/wp\/v2\/pages\/39\/revisions\/485"}],"wp:attachment":[{"href":"https:\/\/iris-naturopathe.fr\/index.php\/wp-json\/wp\/v2\/media?parent=39"}],"curies":[{"name":"wp","href":"https:\/\/api.w.org\/{rel}","templated":true}]}}