{"id":36,"date":"2023-09-28T14:25:02","date_gmt":"2023-09-28T12:25:02","guid":{"rendered":"http:\/\/iris-naturopathe.fr\/?page_id=36"},"modified":"2025-04-15T15:07:38","modified_gmt":"2025-04-15T13:07:38","slug":"description-naturopathie","status":"publish","type":"page","link":"https:\/\/iris-naturopathe.fr\/index.php\/description-naturopathie\/","title":{"rendered":"Naturopathie"},"content":{"rendered":"\n<p class=\"has-text-color has-link-color wp-elements-5b5e4dcf13a75fd2ccd204807869be02\" style=\"color:#3c5d4d;font-size:15px;font-style:normal;font-weight:300\"><strong><em>Origines de la naturopathie<\/em><\/strong><br>Le terme de naturopathie vient du latin natura qui signifie nature et du grec pathos qui signifie \u00e9motion, ressenti. Ce terme fait r\u00e9f\u00e9rence \u00e0 Hippocrate (460 av. J-C &#8211; 377 av. J-C), m\u00e9decin grec et consid\u00e9r\u00e9 comme le p\u00e8re de la m\u00e9decine. Il est \u00e0 l\u2019origine de la \u201cth\u00e9orie des humeurs\u201d, \u00e9tude sur l\u2019importance des liquides dont est compos\u00e9 l\u2019organisme (humeurs) et la facult\u00e9 d\u2019autogu\u00e9rison du corps gr\u00e2ce \u00e0 la force vitale. De ce fait, la maladie n\u2019est que l\u2019expression d\u2019un d\u00e9s\u00e9quilibre des liquides de l\u2019organisme.<\/p>\n\n\n\n<p class=\"has-text-color has-link-color wp-elements-6cd82ed297d451c846e894f69f04f633\" style=\"color:#3c5d4d;font-size:15px;font-style:normal;font-weight:300\">La naturopathie occidentale prend naissance aux Etats-Unis \u00e0 la fin du 19e si\u00e8cle avec J.H SCHEEL, qui&nbsp; \u00e0 partir de nature\u2019s path -le chemin de la nature, serait \u00e0 l\u2019origine du terme naturopathie. Signifiant que chacun peut pr\u00e9server sa sant\u00e9 en respectant le chemin -path. que la nature nous indique.<\/p>\n\n\n\n<div style=\"height:38px\" aria-hidden=\"true\" class=\"wp-block-spacer\"><\/div>\n\n\n\n<div style=\"height:0px\" aria-hidden=\"true\" class=\"wp-block-spacer\"><\/div>\n\n\n\n<p class=\"has-text-color has-link-color wp-elements-d274c2ed3f215198dda21fdbab57de99\" style=\"color:#3c5d4d;font-size:15px;font-style:normal;font-weight:300\"><strong><em>Trouver un mieux-\u00eatre gr\u00e2ce \u00e0 la naturopathie<\/em><\/strong><br>De tout temps les hommes se sont soign\u00e9s gr\u00e2ce \u00e0 la nature. Il s\u2019agit d\u2019une m\u00e9thode naturelle qui con\u00e7oit la sant\u00e9 et la gu\u00e9rison \u00e0 travers une hygi\u00e8ne globale : alimentaire, corporelle et psychique. Le but \u00e9tant de r\u00e9tablir l\u2019harmonie dans l\u2019organisme. Le naturopathe ne s\u2019int\u00e9resse pas qu\u2019aux sympt\u00f4mes mais aux causes du d\u00e9s\u00e9quilibre, en consid\u00e9rant le corps comme un ensemble de syst\u00e8mes en interactions.La naturopathie est un ensemble de m\u00e9thodes de soins naturels et biologiques qui vise avant tout \u00e0 pr\u00e9server le capital sant\u00e9 .<br>La naturopathie ne gu\u00e9rit pas, au sens m\u00e9dical du terme. Elle agit sur les d\u00e9s\u00e9quilibres du terrain, \u00e0 la recherche de la cause premi\u00e8re des troubles de la personne.<br>Elle donne au corps les moyens de se r\u00e9g\u00e9n\u00e9rer en permettant de mobiliser ses capacit\u00e9s d&rsquo;auto gu\u00e9rison par des moyens naturels : changement d&rsquo;alimentation, hygi\u00e8ne de vie, phytoth\u00e9rapie, massages, activit\u00e9 physique..<\/p>\n\n\n\n<p class=\"has-text-color has-link-color wp-elements-629207c39cbb822ac8c8dbf80bc49513\" style=\"color:#3c5d4d;font-size:15px;font-style:normal;font-weight:300\">La naturopathie agit sur les d\u00e9s\u00e9quilibres de l\u2019organisme, \u00e0 la recherche de la cause premi\u00e8re des troubles de la personne. Elle donne ensuite au corps les moyens de se r\u00e9g\u00e9n\u00e9rer en permettant de stimuler ses capacit\u00e9s d\u2019auto-gu\u00e9rison, afin de maintenir ou retrouver le bien-\u00eatre, gr\u00e2ce \u00e0 son approche individualis\u00e9e et personnalis\u00e9e et des moyens exclusivement naturels.<\/p>\n\n\n\n<div style=\"height:38px\" aria-hidden=\"true\" class=\"wp-block-spacer\"><\/div>\n\n\n\n<div style=\"height:0px\" aria-hidden=\"true\" class=\"wp-block-spacer\"><\/div>\n\n\n\n<p class=\"has-text-color has-link-color wp-elements-4b5e96d5dc0ebe253d230fe84a3eca17\" style=\"color:#3c5d4d;font-size:15px;font-style:normal;font-weight:300\"><strong><em>Bienfaits de la naturopathie<\/em><\/strong><br>L&rsquo;accompagnement naturopathique se fait sur une ou plusieurs s\u00e9ances, un dialogue bienveillant est instaur\u00e9 pour comprendre vos besoins sp\u00e9cifiques et personnaliser l\u2019accompagnement.<\/p>\n\n\n\n<p class=\"has-text-color has-link-color wp-elements-a5de3ef6278112c53b05289597626df6\" style=\"color:#3c5d4d;font-size:15px;font-style:normal;font-weight:300\">Des conseils en nutrition, en phytoth\u00e9rapie, et en hygi\u00e8ne de vie peuvent \u00e9galement \u00eatre prodigu\u00e9s pour renforcer les effets b\u00e9n\u00e9fiques des soins manuels. L&rsquo;objectif est de vous rendre acteur de votre propre sant\u00e9, en vous fournissant les outils n\u00e9cessaires pour maintenir et am\u00e9liorer votre bien-\u00eatre au quotidien.<\/p>\n\n\n\n<p class=\"has-text-color has-link-color wp-elements-aeb14d4882cca004ca6ff03d376a2fe4\" style=\"color:#3c5d4d;font-size:15px;font-style:normal;font-weight:300\">La naturopathie s\u2019adresse \u00e0 tous, quel que soit votre \u00e2ge ou votre condition physique. Elle peut intervenir en compl\u00e9ment de la m\u00e9decine conventionnelle. En adoptant une approche douce et pr\u00e9ventive, elle vise \u00e0 renforcer les d\u00e9fenses naturelles de l&rsquo;organisme et \u00e0 maintenir un \u00e9tat de bien-\u00eatre physique et \u00e9motionnel optimum.<\/p>\n\n\n\n<p class=\"has-text-color has-link-color wp-elements-b604cee2045d01a2e32584ea62b6695a\" style=\"color:#3c5d4d;font-size:15px;font-style:normal;font-weight:300\">En somme, l&rsquo;accompagnement naturopathique est un voyage vers une meilleure connaissance de soi, une exploration des ressources naturelles de notre corps, et une invitation \u00e0 prendre soin de soi de mani\u00e8re holistique.<\/p>\n\n\n\n<div style=\"height:38px\" aria-hidden=\"true\" class=\"wp-block-spacer\"><\/div>\n\n\n\n<div style=\"height:0px\" aria-hidden=\"true\" class=\"wp-block-spacer\"><\/div>\n\n\n\n<p class=\"has-text-color has-link-color wp-elements-9b3df2c619d2c0ce47359204d5bf791c\" style=\"color:#3c5d4d;font-size:15px;font-style:normal;font-weight:300\"><strong><em>Techniques naturopathiques<\/em><\/strong><br>Le domaine des techniques et conseils naturopathiques est vari\u00e9 et s\u2019adapte \u00e0 chacun :<\/p>\n\n\n\n<p class=\"has-text-color has-link-color wp-elements-115a49b9444babb155fd9e9551f4585a\" style=\"color:#3c5d4d;font-size:15px;font-style:normal;font-weight:300\">&#8211; L\u2019alimentation : nutrition, cures..<br>&#8211; La psychologie : relaxation, m\u00e9ditation, sophrologie, gestion du stress..<br>&#8211; La plantes : gemmoth\u00e9rapie, fleurs de Bach, huiles essentielles, tisanes..<br>&#8211; Les techniques manuelles : massages, drainage, r\u00e9flexologies plantaire, palmaire..<br>&#8211; L\u2019activit\u00e9 physique : yoga, marche, gymnastiques douces, danse..<br>&#8211; L\u2019apith\u00e9rapie : miel, propolis..<br>&#8211; L\u2019oligoth\u00e9rapie : utilisation des oligo-\u00e9l\u00e9ments<br>&#8211; Les techniques respiratoires : coh\u00e9rence cardiaque..\u00a0<br>&#8211; Les techniques \u00e9nerg\u00e9tiques : Reiki, magn\u00e9tisme..<\/p>\n\n\n\n<p class=\"has-text-color has-link-color wp-elements-4972dae810be5bb107cc89bb75617647\" style=\"color:#3c5d4d;font-size:15px;font-style:normal;font-weight:300\"><\/p>\n\n\n\n<p class=\"has-text-color has-link-color wp-elements-a3b250a299f73153caf766cf74ce9dd1\" style=\"color:#3c5d4d;font-size:15px;font-style:normal;font-weight:300\"><\/p>\n\n\n\n<p><\/p>\n","protected":false},"excerpt":{"rendered":"<p>Origines de la naturopathieLe terme de naturopathie vient du latin natura qui signifie nature et du grec pathos qui signifie \u00e9motion, ressenti. Ce terme fait r\u00e9f\u00e9rence \u00e0 Hippocrate (460 av. J-C &#8211; 377 av. J-C), m\u00e9decin grec et consid\u00e9r\u00e9 comme le p\u00e8re de la m\u00e9decine. Il est \u00e0 l\u2019origine de la \u201cth\u00e9orie des humeurs\u201d, \u00e9tude sur l\u2019importance des liquides dont est compos\u00e9 l\u2019organisme (humeurs) et la facult\u00e9 d\u2019autogu\u00e9rison du corps gr\u00e2ce \u00e0 la force vitale. De ce fait, la maladie n\u2019est que l\u2019expression d\u2019un d\u00e9s\u00e9quilibre des liquides de l\u2019organisme. La naturopathie occidentale prend naissance aux Etats-Unis \u00e0 la fin du 19e si\u00e8cle avec J.H SCHEEL, qui&nbsp; \u00e0 partir de nature\u2019s path -le chemin de la nature, serait \u00e0 l\u2019origine du terme naturopathie. Signifiant que chacun peut pr\u00e9server sa sant\u00e9 en respectant le chemin -path. que la nature nous indique. Trouver un mieux-\u00eatre gr\u00e2ce \u00e0 la naturopathieDe tout temps les hommes se sont soign\u00e9s gr\u00e2ce \u00e0 la nature. Il s\u2019agit d\u2019une m\u00e9thode naturelle qui con\u00e7oit la sant\u00e9 et la gu\u00e9rison \u00e0 travers une hygi\u00e8ne globale : alimentaire, corporelle et psychique. Le but \u00e9tant de r\u00e9tablir l\u2019harmonie dans l\u2019organisme. Le naturopathe ne s\u2019int\u00e9resse pas qu\u2019aux sympt\u00f4mes mais aux causes du d\u00e9s\u00e9quilibre, en consid\u00e9rant le corps comme un ensemble de syst\u00e8mes en interactions.La naturopathie est un ensemble de m\u00e9thodes de soins naturels et biologiques qui vise avant tout \u00e0 pr\u00e9server le capital sant\u00e9 .La naturopathie ne gu\u00e9rit pas, au sens m\u00e9dical du terme. Elle agit sur les d\u00e9s\u00e9quilibres du terrain, \u00e0 la recherche de la cause premi\u00e8re des troubles de la personne.Elle donne au corps les moyens de se r\u00e9g\u00e9n\u00e9rer en permettant de mobiliser ses capacit\u00e9s d&rsquo;auto gu\u00e9rison par des moyens naturels : changement d&rsquo;alimentation, hygi\u00e8ne de vie, phytoth\u00e9rapie, massages, activit\u00e9 physique.. La naturopathie agit sur les d\u00e9s\u00e9quilibres de l\u2019organisme, \u00e0 la recherche de la cause premi\u00e8re des troubles de la personne. Elle donne ensuite au corps les moyens de se r\u00e9g\u00e9n\u00e9rer en permettant de stimuler ses capacit\u00e9s d\u2019auto-gu\u00e9rison, afin de maintenir ou retrouver le bien-\u00eatre, gr\u00e2ce \u00e0 son approche individualis\u00e9e et personnalis\u00e9e et des moyens exclusivement naturels. Bienfaits de la naturopathieL&rsquo;accompagnement naturopathique se fait sur une ou plusieurs s\u00e9ances, un dialogue bienveillant est instaur\u00e9 pour comprendre vos besoins sp\u00e9cifiques et personnaliser l\u2019accompagnement. Des conseils en nutrition, en phytoth\u00e9rapie, et en hygi\u00e8ne de vie peuvent \u00e9galement \u00eatre prodigu\u00e9s pour renforcer les effets b\u00e9n\u00e9fiques des soins manuels. L&rsquo;objectif est de vous rendre acteur de votre propre sant\u00e9, en vous fournissant les outils n\u00e9cessaires pour maintenir et am\u00e9liorer votre bien-\u00eatre au quotidien. La naturopathie s\u2019adresse \u00e0 tous, quel que soit votre \u00e2ge ou votre condition physique. Elle peut intervenir en compl\u00e9ment de la m\u00e9decine conventionnelle. En adoptant une approche douce et pr\u00e9ventive, elle vise \u00e0 renforcer les d\u00e9fenses naturelles de l&rsquo;organisme et \u00e0 maintenir un \u00e9tat de bien-\u00eatre physique et \u00e9motionnel optimum. En somme, l&rsquo;accompagnement naturopathique est un voyage vers une meilleure connaissance de soi, une exploration des ressources naturelles de notre corps, et une invitation \u00e0 prendre soin de soi de mani\u00e8re holistique. Techniques naturopathiquesLe domaine des techniques et conseils naturopathiques est vari\u00e9 et s\u2019adapte \u00e0 chacun : &#8211; L\u2019alimentation : nutrition, cures..&#8211; La psychologie : relaxation, m\u00e9ditation, sophrologie, gestion du stress..&#8211; La plantes : gemmoth\u00e9rapie, fleurs de Bach, huiles essentielles, tisanes..&#8211; Les techniques manuelles : massages, drainage, r\u00e9flexologies plantaire, palmaire..&#8211; L\u2019activit\u00e9 physique : yoga, marche, gymnastiques douces, danse..&#8211; L\u2019apith\u00e9rapie : miel, propolis..&#8211; L\u2019oligoth\u00e9rapie : utilisation des oligo-\u00e9l\u00e9ments&#8211; Les techniques respiratoires : coh\u00e9rence cardiaque..\u00a0&#8211; Les techniques \u00e9nerg\u00e9tiques : Reiki, magn\u00e9tisme..<\/p>\n","protected":false},"author":2,"featured_media":0,"parent":0,"menu_order":0,"comment_status":"closed","ping_status":"closed","template":"","meta":{"footnotes":""},"class_list":["post-36","page","type-page","status-publish","hentry"],"_links":{"self":[{"href":"https:\/\/iris-naturopathe.fr\/index.php\/wp-json\/wp\/v2\/pages\/36","targetHints":{"allow":["GET"]}}],"collection":[{"href":"https:\/\/iris-naturopathe.fr\/index.php\/wp-json\/wp\/v2\/pages"}],"about":[{"href":"https:\/\/iris-naturopathe.fr\/index.php\/wp-json\/wp\/v2\/types\/page"}],"author":[{"embeddable":true,"href":"https:\/\/iris-naturopathe.fr\/index.php\/wp-json\/wp\/v2\/users\/2"}],"replies":[{"embeddable":true,"href":"https:\/\/iris-naturopathe.fr\/index.php\/wp-json\/wp\/v2\/comments?post=36"}],"version-history":[{"count":24,"href":"https:\/\/iris-naturopathe.fr\/index.php\/wp-json\/wp\/v2\/pages\/36\/revisions"}],"predecessor-version":[{"id":472,"href":"https:\/\/iris-naturopathe.fr\/index.php\/wp-json\/wp\/v2\/pages\/36\/revisions\/472"}],"wp:attachment":[{"href":"https:\/\/iris-naturopathe.fr\/index.php\/wp-json\/wp\/v2\/media?parent=36"}],"curies":[{"name":"wp","href":"https:\/\/api.w.org\/{rel}","templated":true}]}}