{"id":30,"date":"2023-09-28T14:17:38","date_gmt":"2023-09-28T12:17:38","guid":{"rendered":"http:\/\/iris-naturopathe.fr\/?page_id=30"},"modified":"2025-04-15T15:22:07","modified_gmt":"2025-04-15T13:22:07","slug":"prendre-rendez-vous","status":"publish","type":"page","link":"https:\/\/iris-naturopathe.fr\/index.php\/prendre-rendez-vous\/","title":{"rendered":"Contact"},"content":{"rendered":"\n<p class=\"has-text-color has-link-color wp-elements-7c20fb9fd72d93622de533cd8c29584d\" style=\"color:#3c5d4d;font-size:15px;font-style:normal;font-weight:200\">Je vous re\u00e7ois uniquement sur rendez-vous du lundi au mercredi, et le samedi sur demande pour vous apporter bien-\u00eatre et d\u00e9tente.&nbsp; Si vous souhaitez obtenir plus de renseignements ou prendre rendez-vous, contactez-moi :<\/p>\n\n\n\n<blockquote class=\"wp-block-quote has-text-color has-link-color wp-elements-7e41a72b5818f151de04492b7a361fe2 is-layout-flow wp-block-quote-is-layout-flow\" style=\"color:#3c5d4d\">\n<p class=\"has-text-color has-link-color wp-elements-629e8b45bedde5dd5441e92e2f897570\" style=\"color:#3c5d4d;font-size:17px;font-style:normal;font-weight:200\">T\u00e9l\u00e9phone : 07.88.81.27.66<br>Mail : bienetre@iris-naturopathe.fr<br><a href=\"https:\/\/www.monprodubienetre.fr\/professionnel\/naturopathe\/auvergne-rhone-alpes\/saint-etienne\/979-iris-briant\">Monprodubien\u00eatre<\/a><\/p>\n<\/blockquote>\n\n\n\n<div style=\"height:38px\" aria-hidden=\"true\" class=\"wp-block-spacer\"><\/div>\n\n\n\n<p class=\"has-text-color has-link-color wp-elements-edfce87036b979b0feb9d2454ec72787\" style=\"color:#3c5d4d;font-size:15px;font-style:normal;font-weight:200\">Lieu : Cabinet Lib\u00e9ration, 37 avenue de la Lib\u00e9ration 42000 Saint-Etienne. 1er \u00e9tage<\/p>\n\n\n\n<p class=\"has-text-color has-link-color wp-elements-a3353d71a22aca033b647e48cbb40f06\" style=\"color:#3c5d4d;font-size:15px;font-style:normal;font-weight:200\">Pour prendre rendez-vous pour une consultation en naturopathie, merci d\u2019en pr\u00e9ciser le motif afin que je puisse r\u00e9pondre au mieux \u00e0 votre demande. Merci \u00e9galement de m\u2019indiquer vos disponibilit\u00e9s afin de convenir d\u2019un cr\u00e9neau horaire.<\/p>\n\n\n\n<p class=\"has-text-color has-link-color wp-elements-b4c957fbb02b342175248c6fe8ac38db\" style=\"color:#3c5d4d;font-size:15px;font-style:normal;font-weight:200\"><span style=\"text-decoration: underline;\">Une visite ne dispense pas de l&rsquo;avis de votre m\u00e9decin et ne doit pas interrompre votre traitement m\u00e9dical<\/span>.<\/p>\n\n\n\n<p class=\"has-text-color has-link-color wp-elements-0d6cf60ce2a0dba309044c5d3b676f6c\" style=\"color:#3c5d4d;font-size:15px;font-style:normal;font-weight:200\">Je prendrais tout le temps n\u00e9cessaire pour \u00eatre \u00e0 votre \u00e9coute, pour vous permettre de retrouver votre bien-\u00eatre, personnaliser mes soins et vous conseiller au mieux.&nbsp;<\/p>\n\n\n\n<p class=\"has-text-color has-link-color wp-elements-989a564e3ea7cbfe5c26d8312b70194b\" style=\"color:#3c5d4d;font-size:15px;font-style:normal;font-weight:200\">Aussi, vous comprendrez qu&rsquo;en cas d\u2019emp\u00eachement, je vous remercie de me pr\u00e9venir rapidement afin de lib\u00e9rer le cr\u00e9neaux pour une autre personne.<\/p>\n\n\n\n<p class=\"has-text-color has-link-color wp-elements-d79f6cfdac07ff818106399f65696454\" style=\"color:#3c5d4d;font-size:15px;font-style:normal;font-weight:200\">Le paiement est possible en esp\u00e8ces, par ch\u00e8que ou par virement bancaire \/ Lydia.<\/p>\n\n\n\n<pre class=\"wp-block-code has-text-color has-link-color wp-elements-1cbee34e4a5647cbf521e3ece3428ce8\" style=\"color:#8eb6a3;font-size:15px\"><code>- Ch\u00e8ques cadeaux personnalis\u00e9s disponibles sur demande -<\/code><\/pre>\n\n\n\n<h3 class=\"wp-block-heading has-text-color has-link-color wp-elements-13ad05701d75db4e1d990ee3e890c4ed\" style=\"color:#3c5d4d\"><b>Les tarifs<\/b><\/h3>\n\n\n\n<div class=\"wp-block-group\"><div class=\"wp-block-group__inner-container is-layout-constrained wp-block-group-is-layout-constrained\">\n<div class=\"wp-block-group\"><div class=\"wp-block-group__inner-container is-layout-constrained wp-block-group-is-layout-constrained\">\n<h4 class=\"wp-block-heading has-text-color has-link-color wp-elements-697901fdc60fe69f3f523a3934b64836\" style=\"color:#2c5551\"><strong>Massage<\/strong><\/h4>\n\n\n\n<figure class=\"wp-block-table is-style-stripes\"><table class=\"has-text-color has-link-color has-fixed-layout\" style=\"color:#3c5d4d\"><thead><tr><th class=\"has-text-align-left\" data-align=\"left\">Prestations<\/th><th class=\"has-text-align-right\" data-align=\"right\">Dur\u00e9e<\/th><th class=\"has-text-align-right\" data-align=\"right\">Prix<\/th><\/tr><\/thead><tbody><tr><td class=\"has-text-align-left\" data-align=\"left\">Massage bien-\u00eatre intuitif<\/td><td class=\"has-text-align-right\" data-align=\"right\">1H<\/td><td class=\"has-text-align-right\" data-align=\"right\">70\u20ac<\/td><\/tr><tr><td class=\"has-text-align-left\" data-align=\"left\">Massage bien-\u00eatre + R\u00e9flexologie plantaire et  palmaire<\/td><td class=\"has-text-align-right\" data-align=\"right\">1H30<\/td><td class=\"has-text-align-right\" data-align=\"right\">100\u20ac<\/td><\/tr><tr><td class=\"has-text-align-left\" data-align=\"left\">Soin Pr\u00e9natal<\/td><td class=\"has-text-align-right\" data-align=\"right\">1H<\/td><td class=\"has-text-align-right\" data-align=\"right\">70\u20ac<\/td><\/tr><tr><td class=\"has-text-align-left\" data-align=\"left\">Soin Postpartum :<br>Massage &#8211; cataplasme d&rsquo;huile de ricin &#8211; pochons ayurv\u00e9diques &#8211; Rebozo [resserrage du bassin]<br><\/td><td class=\"has-text-align-right\" data-align=\"right\">2H30<\/td><td class=\"has-text-align-right\" data-align=\"right\">170\u20ac<\/td><\/tr><tr><td class=\"has-text-align-left\" data-align=\"left\">Soin Rebozo<br> [Resserrage du bassin]<\/td><td class=\"has-text-align-right\" data-align=\"right\">30min<\/td><td class=\"has-text-align-right\" data-align=\"right\">35\u20ac<\/td><\/tr><tr><td class=\"has-text-align-left\" data-align=\"left\">Rituel Jeune Maman :<br>Soin pr\u00e9natal 1H + Soin postpartum 2H30<\/td><td class=\"has-text-align-right\" data-align=\"right\">3H30<\/td><td class=\"has-text-align-right\" data-align=\"right\">220\u20ac<\/td><\/tr><tr><td class=\"has-text-align-left\" data-align=\"left\">Rituel Maman &amp; B\u00e9b\u00e9 :<br>Soin pr\u00e9natal 1H + Soin postpartum 2H30 + Atelier massage b\u00e9b\u00e9 1H30<\/td><td class=\"has-text-align-right\" data-align=\"right\">5H30<\/td><td class=\"has-text-align-right\" data-align=\"right\">285\u20ac<\/td><\/tr><tr><td class=\"has-text-align-left\" data-align=\"left\">Atelier massage b\u00e9b\u00e9<\/td><td class=\"has-text-align-right\" data-align=\"right\">1H30<\/td><td class=\"has-text-align-right\" data-align=\"right\">75\u20ac<\/td><\/tr><tr><td class=\"has-text-align-left\" data-align=\"left\">R\u00e9flexologie plantaire<\/td><td class=\"has-text-align-right\" data-align=\"right\">30min<\/td><td class=\"has-text-align-right\" data-align=\"right\">35\u20ac<\/td><\/tr><tr><td class=\"has-text-align-left\" data-align=\"left\"><strong>Drainage lymphatique &#8211;<br>M\u00e9thode E.Vodder<\/strong><\/td><td class=\"has-text-align-right\" data-align=\"right\"><\/td><td class=\"has-text-align-right\" data-align=\"right\"><\/td><\/tr><tr><td class=\"has-text-align-left\" data-align=\"left\">Drainage lymphatique &#8211;<br> Corps<\/td><td class=\"has-text-align-right\" data-align=\"right\">1H30<\/td><td class=\"has-text-align-right\" data-align=\"right\">100\u20ac<\/td><\/tr><tr><td class=\"has-text-align-left\" data-align=\"left\">Drainage lymphatique &#8211;<br> Visage<\/td><td class=\"has-text-align-right\" data-align=\"right\">45min<\/td><td class=\"has-text-align-right\" data-align=\"right\">40\u20ac<\/td><\/tr><\/tbody><\/table><\/figure>\n\n\n\n<p class=\"has-text-color has-link-color wp-elements-2373c26615c27921b8fbde7b8afe3dee\" style=\"color:#2c5551\"><strong>Naturopathie<\/strong><\/p>\n<\/div><\/div>\n\n\n\n<figure class=\"wp-block-table is-style-stripes\"><table class=\"has-text-color has-link-color has-fixed-layout\" style=\"color:#3c5d4d\"><thead><tr><th class=\"has-text-align-left\" data-align=\"left\">Prestations<\/th><th class=\"has-text-align-right\" data-align=\"right\">Dur\u00e9e<\/th><th class=\"has-text-align-right\" data-align=\"right\">Prix<\/th><\/tr><\/thead><tbody><tr><td class=\"has-text-align-left\" data-align=\"left\">Bilan initial individualis\u00e9<\/td><td class=\"has-text-align-right\" data-align=\"right\">1H30<\/td><td class=\"has-text-align-right\" data-align=\"right\">90\u20ac<\/td><\/tr><tr><td class=\"has-text-align-left\" data-align=\"left\">Consultations de suivi <\/td><td class=\"has-text-align-right\" data-align=\"right\">1H<\/td><td class=\"has-text-align-right\" data-align=\"right\">65\u20ac<\/td><\/tr><tr><td class=\"has-text-align-left\" data-align=\"left\">Consultation de suivi et massage<\/td><td class=\"has-text-align-right\" data-align=\"right\">1H30<\/td><td class=\"has-text-align-right\" data-align=\"right\">100\u20ac<\/td><\/tr><\/tbody><\/table><\/figure>\n<\/div><\/div>\n\n\n<div class=\"wp-block-image is-style-default\">\n<figure class=\"aligncenter is-resized\"><img loading=\"lazy\" decoding=\"async\" width=\"2560\" height=\"2056\" src=\"http:\/\/iris-naturopathe.fr\/wp-content\/uploads\/2024\/12\/Cab-scaled.jpg\" alt=\"\" class=\"wp-image-306\" style=\"width:565px;height:auto\" srcset=\"https:\/\/iris-naturopathe.fr\/wp-content\/uploads\/2024\/12\/Cab-scaled.jpg 2560w, https:\/\/iris-naturopathe.fr\/wp-content\/uploads\/2024\/12\/Cab-300x241.jpg 300w\" sizes=\"auto, (max-width: 2560px) 100vw, 2560px\" \/><\/figure>\n<\/div>\n\n\n<p><\/p>\n","protected":false},"excerpt":{"rendered":"<p>Je vous re\u00e7ois uniquement sur rendez-vous du lundi au mercredi, et le samedi sur demande pour vous apporter bien-\u00eatre et d\u00e9tente.&nbsp; Si vous souhaitez obtenir plus de renseignements ou prendre rendez-vous, contactez-moi : T\u00e9l\u00e9phone : 07.88.81.27.66Mail : bienetre@iris-naturopathe.frMonprodubien\u00eatre Lieu : Cabinet Lib\u00e9ration, 37 avenue de la Lib\u00e9ration 42000 Saint-Etienne. 1er \u00e9tage Pour prendre rendez-vous pour une consultation en naturopathie, merci d\u2019en pr\u00e9ciser le motif afin que je puisse r\u00e9pondre au mieux \u00e0 votre demande. Merci \u00e9galement de m\u2019indiquer vos disponibilit\u00e9s afin de convenir d\u2019un cr\u00e9neau horaire. Une visite ne dispense pas de l&rsquo;avis de votre m\u00e9decin et ne doit pas interrompre votre traitement m\u00e9dical. Je prendrais tout le temps n\u00e9cessaire pour \u00eatre \u00e0 votre \u00e9coute, pour vous permettre de retrouver votre bien-\u00eatre, personnaliser mes soins et vous conseiller au mieux.&nbsp; Aussi, vous comprendrez qu&rsquo;en cas d\u2019emp\u00eachement, je vous remercie de me pr\u00e9venir rapidement afin de lib\u00e9rer le cr\u00e9neaux pour une autre personne. Le paiement est possible en esp\u00e8ces, par ch\u00e8que ou par virement bancaire \/ Lydia. Les tarifs Massage Prestations Dur\u00e9e Prix Massage bien-\u00eatre intuitif 1H 70\u20ac Massage bien-\u00eatre + R\u00e9flexologie plantaire et palmaire 1H30 100\u20ac Soin Pr\u00e9natal 1H 70\u20ac Soin Postpartum :Massage &#8211; cataplasme d&rsquo;huile de ricin &#8211; pochons ayurv\u00e9diques &#8211; Rebozo [resserrage du bassin] 2H30 170\u20ac Soin Rebozo [Resserrage du bassin] 30min 35\u20ac Rituel Jeune Maman :Soin pr\u00e9natal 1H + Soin postpartum 2H30 3H30 220\u20ac Rituel Maman &amp; B\u00e9b\u00e9 :Soin pr\u00e9natal 1H + Soin postpartum 2H30 + Atelier massage b\u00e9b\u00e9 1H30 5H30 285\u20ac Atelier massage b\u00e9b\u00e9 1H30 75\u20ac R\u00e9flexologie plantaire 30min 35\u20ac Drainage lymphatique &#8211;M\u00e9thode E.Vodder Drainage lymphatique &#8211; Corps 1H30 100\u20ac Drainage lymphatique &#8211; Visage 45min 40\u20ac Naturopathie Prestations Dur\u00e9e Prix Bilan initial individualis\u00e9 1H30 90\u20ac Consultations de suivi 1H 65\u20ac Consultation de suivi et massage 1H30 100\u20ac<\/p>\n","protected":false},"author":2,"featured_media":0,"parent":0,"menu_order":0,"comment_status":"closed","ping_status":"closed","template":"","meta":{"footnotes":""},"class_list":["post-30","page","type-page","status-publish","hentry"],"_links":{"self":[{"href":"https:\/\/iris-naturopathe.fr\/index.php\/wp-json\/wp\/v2\/pages\/30","targetHints":{"allow":["GET"]}}],"collection":[{"href":"https:\/\/iris-naturopathe.fr\/index.php\/wp-json\/wp\/v2\/pages"}],"about":[{"href":"https:\/\/iris-naturopathe.fr\/index.php\/wp-json\/wp\/v2\/types\/page"}],"author":[{"embeddable":true,"href":"https:\/\/iris-naturopathe.fr\/index.php\/wp-json\/wp\/v2\/users\/2"}],"replies":[{"embeddable":true,"href":"https:\/\/iris-naturopathe.fr\/index.php\/wp-json\/wp\/v2\/comments?post=30"}],"version-history":[{"count":42,"href":"https:\/\/iris-naturopathe.fr\/index.php\/wp-json\/wp\/v2\/pages\/30\/revisions"}],"predecessor-version":[{"id":492,"href":"https:\/\/iris-naturopathe.fr\/index.php\/wp-json\/wp\/v2\/pages\/30\/revisions\/492"}],"wp:attachment":[{"href":"https:\/\/iris-naturopathe.fr\/index.php\/wp-json\/wp\/v2\/media?parent=30"}],"curies":[{"name":"wp","href":"https:\/\/api.w.org\/{rel}","templated":true}]}}