{"id":213,"date":"2024-12-01T18:33:11","date_gmt":"2024-12-01T17:33:11","guid":{"rendered":"https:\/\/iris-naturopathe.fr\/?page_id=213"},"modified":"2025-04-15T15:08:32","modified_gmt":"2025-04-15T13:08:32","slug":"massage-amma-assis-en-entreprise","status":"publish","type":"page","link":"https:\/\/iris-naturopathe.fr\/index.php\/massage-amma-assis-en-entreprise\/","title":{"rendered":"Ateliers en entreprise"},"content":{"rendered":"\n<p class=\"has-text-color has-link-color wp-elements-4631470b9d41115bbb1761e56ff51ea0\" style=\"color:#3c5d4d;font-size:15px;font-style:normal;font-weight:300\"><em><strong>Massage Amma Assis<\/strong> <\/em><br>Le massage Amma assis est un massage traditionnel japonais. Amma est un terme japonais qui signifie \u00ab\u00a0<em>calmer par le toucher<\/em>\u201d. Ce type de massage repose sur une approche \u00e9nerg\u00e9tique et utilise des mouvements de pression, de tapotement et d\u2019\u00e9tirement.<br>C&rsquo;est une technique de relaxation qui se pratique habill\u00e9, sur une chaise de massage ergonomique et dure 15\/20min. Il se concentre principalement sur le dos, la nuque, les bras et les mains.<\/p>\n\n\n\n<div style=\"height:38px\" aria-hidden=\"true\" class=\"wp-block-spacer\"><\/div>\n\n\n\n<p class=\"has-text-color has-link-color wp-elements-4aab931f9cd6435a57c4e9aaffc00fc9\" style=\"color:#3c5d4d;font-size:15px;font-style:normal;font-weight:300\"><br><strong><em>Avantages du Amma assis en entreprise :<\/em><\/strong><br> &#8211; <em>R\u00e9duction du stress<\/em> &#8211; Le massage Amma assis aide \u00e0 diminuer le stress en rel\u00e2chant les tensions musculaires et en favorisant la relaxation. Cela peut conduire \u00e0 une meilleure ambiance de travail et \u00e0 une diminution de l\u2019absent\u00e9isme.<br>&#8211; <em>Am\u00e9lioration de la productivit\u00e9<\/em> &#8211; Un employ\u00e9 d\u00e9tendu est souvent plus concentr\u00e9 et efficace. Le massage Amma assis aide \u00e0 am\u00e9liorer la clart\u00e9 mentale et \u00e0 booster la cr\u00e9ativit\u00e9, ce qui peut se traduire par une productivit\u00e9 accrue.<br> &#8211; <em>Promotion du bien-\u00eatre au travail<\/em> &#8211;  Int\u00e9grer le massage Amma assis dans le cadre d&rsquo;une politique de bien-\u00eatre au travail montre que l&rsquo;entreprise prend soin de ses employ\u00e9s. Cela peut renforcer la motivation et la satisfaction professionnelle.<\/p>\n\n\n\n<p class=\"has-text-color has-link-color wp-elements-bb419d50d8a3395ac7ce00022f98e095\" style=\"color:#3c5d4d;font-size:15px;font-style:normal;font-weight:300\">Le massage Amma assis est une solution simple et efficace pour am\u00e9liorer la qualit\u00e9 de vie au travail. Il offre des b\u00e9n\u00e9fices tangibles tant pour les employ\u00e9s que pour l&rsquo;entreprise, en favorisant un environnement de travail plus sain et plus productif. Int\u00e9grer cette pratique dans le milieu professionnel est un investissement dans le bien-\u00eatre et le succ\u00e8s \u00e0 long terme de l\u2019entreprise.<\/p>\n\n\n\n<div style=\"height:38px\" aria-hidden=\"true\" class=\"wp-block-spacer\"><\/div>\n\n\n\n<p class=\"has-text-color has-link-color wp-elements-118ace3755d411dce8fa54b6f6e101f3\" style=\"color:#3c5d4d;font-size:15px;font-style:normal;font-weight:300\"><em><strong>Do In &#8211; Initiation \u00e0 l\u2019automassage<\/strong><\/em><br>Pratique accessible \u00e0 tout le monde et tr\u00e8s facile \u00e0 mettre en \u0153uvre. Elle consiste \u00e0 initier vos collaborateur \u00e0 se masser soi-m\u00eame en utilisant des mouvements sp\u00e9cifiques sur diff\u00e9rentes parties du corps. Ces gestes permettent d\u2019obtenir un soulagement rapide [maux de t\u00eates, douleurs musculaires..] et de stimuler toutes les grandes fonctions de l\u2019organisme. Tout comme le Amma assis, le Do In permet de promouvoir le bien-\u00eatre au sein de votre entreprise, am\u00e9liore la productivit\u00e9 de vos collaborateurs et r\u00e9duit le stress en proposant des solutions d\u2019apaisement simples et efficaces \u00e0 tout moment de la journ\u00e9e.<\/p>\n\n\n\n<div style=\"height:38px\" aria-hidden=\"true\" class=\"wp-block-spacer\"><\/div>\n\n\n\n<p class=\"has-text-color has-link-color wp-elements-af99131cb9cd7b44a92ce5bd04d5a395\" style=\"color:#3c5d4d;font-size:15px;font-style:normal;font-weight:300\">Dans le cadre de la Qualit\u00e9 de Vie au Travail, je propose donc des journ\u00e9es en entreprise afin d&rsquo;apporter bien-\u00eatre et d\u00e9tente \u00e0 vos collaborateurs. N\u2019h\u00e9sitez pas \u00e0 me contacter afin d&rsquo;\u00e9tablir une demande de devis, prendre rendez-vous ou poser vos questions via les coordonn\u00e9es <a href=\"https:\/\/iris-naturopathe.fr\/index.php\/prendre-rendez-vous\/\" data-type=\"page\" data-id=\"30\">ici<\/a> en pr\u00e9cisant :<\/p>\n\n\n\n<p class=\"has-text-color has-link-color wp-elements-3a20a0d5e9e7d6c1cb011ec6a9e7d8b8\" style=\"color:#3c5d4d;font-size:15px;font-style:normal;font-weight:300\">&#8211; Le nom et l\u2019adresse de votre entreprise<br>&#8211; Votre nom<br>&#8211; Votre mail et votre t\u00e9l\u00e9phone<\/p>\n\n\n\n<div style=\"height:38px\" aria-hidden=\"true\" class=\"wp-block-spacer\"><\/div>\n\n\n\n<div class=\"wp-block-columns is-layout-flex wp-container-core-columns-is-layout-9d6595d7 wp-block-columns-is-layout-flex\">\n<div class=\"wp-block-column is-layout-flow wp-block-column-is-layout-flow\" style=\"flex-basis:50%\">\n<figure class=\"wp-block-pullquote has-text-color has-link-color wp-elements-a297bafff6d37fbe2d6383d77b6bec96\" style=\"color:#3c5d4d;font-size:13px\"><blockquote><p><strong>Amma Assis<\/strong><br>1\/2 journ\u00e9e &#8211; 450\u20ac \/ journ\u00e9e enti\u00e8re 800\u20ac<br>Dur\u00e9e du massage : 20min \/ personne<br>Une s\u00e9ance comprend l\u2019accueil + le r\u00e9glage du si\u00e8ge + le massage + le nettoyage du mat\u00e9riel + temps d&rsquo;\u00e9change sur les ressentis<\/p><\/blockquote><\/figure>\n<\/div>\n\n\n\n<div class=\"wp-block-column is-layout-flow wp-block-column-is-layout-flow\" style=\"flex-basis:50%\">\n<figure class=\"wp-block-pullquote has-text-color has-link-color wp-elements-bafb11531c43e37d4e97d2d70b574d50\" style=\"color:#3c5d4d;font-size:13px\"><blockquote><p><strong>Do In &#8211; Initiation \u00e0 l&rsquo;automassage<\/strong><br>1\/2 journ\u00e9e &#8211; 450\u20ac \/ journ\u00e9e enti\u00e8re 800\u20ac<br>Ateliers collectifs 30min &#8211; 15pax<br>L&rsquo;atelier comprend l\u2019accueil + explications et  exercices + temps d&rsquo;\u00e9change + livret r\u00e9capitulatif<\/p><\/blockquote><\/figure>\n<\/div>\n<\/div>\n\n\n\n<pre class=\"wp-block-code has-text-color has-link-color wp-elements-0977179a7958003fe441b20c2646a27c\" style=\"color:#8eb6a3;font-size:13px\"><code>- Formation au sein d'Azenday - Ecole de massage -<\/code><\/pre>\n\n\n\n<p><\/p>\n","protected":false},"excerpt":{"rendered":"<p>Massage Amma Assis Le massage Amma assis est un massage traditionnel japonais. Amma est un terme japonais qui signifie \u00ab\u00a0calmer par le toucher\u201d. Ce type de massage repose sur une approche \u00e9nerg\u00e9tique et utilise des mouvements de pression, de tapotement et d\u2019\u00e9tirement.C&rsquo;est une technique de relaxation qui se pratique habill\u00e9, sur une chaise de massage ergonomique et dure 15\/20min. Il se concentre principalement sur le dos, la nuque, les bras et les mains. Avantages du Amma assis en entreprise : &#8211; R\u00e9duction du stress &#8211; Le massage Amma assis aide \u00e0 diminuer le stress en rel\u00e2chant les tensions musculaires et en favorisant la relaxation. Cela peut conduire \u00e0 une meilleure ambiance de travail et \u00e0 une diminution de l\u2019absent\u00e9isme.&#8211; Am\u00e9lioration de la productivit\u00e9 &#8211; Un employ\u00e9 d\u00e9tendu est souvent plus concentr\u00e9 et efficace. Le massage Amma assis aide \u00e0 am\u00e9liorer la clart\u00e9 mentale et \u00e0 booster la cr\u00e9ativit\u00e9, ce qui peut se traduire par une productivit\u00e9 accrue. &#8211; Promotion du bien-\u00eatre au travail &#8211; Int\u00e9grer le massage Amma assis dans le cadre d&rsquo;une politique de bien-\u00eatre au travail montre que l&rsquo;entreprise prend soin de ses employ\u00e9s. Cela peut renforcer la motivation et la satisfaction professionnelle. Le massage Amma assis est une solution simple et efficace pour am\u00e9liorer la qualit\u00e9 de vie au travail. Il offre des b\u00e9n\u00e9fices tangibles tant pour les employ\u00e9s que pour l&rsquo;entreprise, en favorisant un environnement de travail plus sain et plus productif. Int\u00e9grer cette pratique dans le milieu professionnel est un investissement dans le bien-\u00eatre et le succ\u00e8s \u00e0 long terme de l\u2019entreprise. Do In &#8211; Initiation \u00e0 l\u2019automassagePratique accessible \u00e0 tout le monde et tr\u00e8s facile \u00e0 mettre en \u0153uvre. Elle consiste \u00e0 initier vos collaborateur \u00e0 se masser soi-m\u00eame en utilisant des mouvements sp\u00e9cifiques sur diff\u00e9rentes parties du corps. Ces gestes permettent d\u2019obtenir un soulagement rapide [maux de t\u00eates, douleurs musculaires..] et de stimuler toutes les grandes fonctions de l\u2019organisme. Tout comme le Amma assis, le Do In permet de promouvoir le bien-\u00eatre au sein de votre entreprise, am\u00e9liore la productivit\u00e9 de vos collaborateurs et r\u00e9duit le stress en proposant des solutions d\u2019apaisement simples et efficaces \u00e0 tout moment de la journ\u00e9e. Dans le cadre de la Qualit\u00e9 de Vie au Travail, je propose donc des journ\u00e9es en entreprise afin d&rsquo;apporter bien-\u00eatre et d\u00e9tente \u00e0 vos collaborateurs. N\u2019h\u00e9sitez pas \u00e0 me contacter afin d&rsquo;\u00e9tablir une demande de devis, prendre rendez-vous ou poser vos questions via les coordonn\u00e9es ici en pr\u00e9cisant : &#8211; Le nom et l\u2019adresse de votre entreprise&#8211; Votre nom&#8211; Votre mail et votre t\u00e9l\u00e9phone Amma Assis1\/2 journ\u00e9e &#8211; 450\u20ac \/ journ\u00e9e enti\u00e8re 800\u20acDur\u00e9e du massage : 20min \/ personneUne s\u00e9ance comprend l\u2019accueil + le r\u00e9glage du si\u00e8ge + le massage + le nettoyage du mat\u00e9riel + temps d&rsquo;\u00e9change sur les ressentis Do In &#8211; Initiation \u00e0 l&rsquo;automassage1\/2 journ\u00e9e &#8211; 450\u20ac \/ journ\u00e9e enti\u00e8re 800\u20acAteliers collectifs 30min &#8211; 15paxL&rsquo;atelier comprend l\u2019accueil + explications et exercices + temps d&rsquo;\u00e9change + livret r\u00e9capitulatif<\/p>\n","protected":false},"author":1,"featured_media":0,"parent":0,"menu_order":0,"comment_status":"closed","ping_status":"closed","template":"","meta":{"footnotes":""},"class_list":["post-213","page","type-page","status-publish","hentry"],"_links":{"self":[{"href":"https:\/\/iris-naturopathe.fr\/index.php\/wp-json\/wp\/v2\/pages\/213","targetHints":{"allow":["GET"]}}],"collection":[{"href":"https:\/\/iris-naturopathe.fr\/index.php\/wp-json\/wp\/v2\/pages"}],"about":[{"href":"https:\/\/iris-naturopathe.fr\/index.php\/wp-json\/wp\/v2\/types\/page"}],"author":[{"embeddable":true,"href":"https:\/\/iris-naturopathe.fr\/index.php\/wp-json\/wp\/v2\/users\/1"}],"replies":[{"embeddable":true,"href":"https:\/\/iris-naturopathe.fr\/index.php\/wp-json\/wp\/v2\/comments?post=213"}],"version-history":[{"count":15,"href":"https:\/\/iris-naturopathe.fr\/index.php\/wp-json\/wp\/v2\/pages\/213\/revisions"}],"predecessor-version":[{"id":473,"href":"https:\/\/iris-naturopathe.fr\/index.php\/wp-json\/wp\/v2\/pages\/213\/revisions\/473"}],"wp:attachment":[{"href":"https:\/\/iris-naturopathe.fr\/index.php\/wp-json\/wp\/v2\/media?parent=213"}],"curies":[{"name":"wp","href":"https:\/\/api.w.org\/{rel}","templated":true}]}}